{"id":478,"date":"2025-02-24T13:57:38","date_gmt":"2025-02-24T13:57:38","guid":{"rendered":"https:\/\/parkietydrab.pl\/?page_id=478"},"modified":"2025-02-24T13:57:40","modified_gmt":"2025-02-24T13:57:40","slug":"nasi-autorzy","status":"publish","type":"page","link":"https:\/\/parkietydrab.pl\/ro\/nasi-autorzy\/","title":{"rendered":"Autorii no\u0219tri"},"content":{"rendered":"","protected":false},"excerpt":{"rendered":"","protected":false},"author":1,"featured_media":0,"parent":0,"menu_order":0,"comment_status":"closed","ping_status":"closed","template":"","meta":{"_acf_changed":false,"footnotes":""},"class_list":["post-478","page","type-page","status-publish","hentry"],"acf":[],"yoast_head":"<!-- This site is optimized with the Yoast SEO plugin v23.2 - https:\/\/yoast.com\/wordpress\/plugins\/seo\/ -->\n<title>Nasi autorzy - parkietydrab.pl<\/title>\n<meta name=\"description\" content=\"Poznaj autor\u00f3w bloga \u2013 pasjonat\u00f3w mody, kt\u00f3rzy \u015bledz\u0105 trendy, doradzaj\u0105 i inspiruj\u0105 do tworzenia w\u0142asnego stylu.\" \/>\n<meta name=\"robots\" content=\"index, follow, max-snippet:-1, max-image-preview:large, max-video-preview:-1\" \/>\n<link rel=\"canonical\" href=\"https:\/\/parkietydrab.pl\/ro\/nasi-autorzy\/\" \/>\n<meta property=\"og:locale\" content=\"ro_RO\" \/>\n<meta property=\"og:type\" content=\"article\" \/>\n<meta property=\"og:title\" content=\"Nasi autorzy - parkietydrab.pl\" \/>\n<meta property=\"og:description\" content=\"Poznaj autor\u00f3w bloga \u2013 pasjonat\u00f3w mody, kt\u00f3rzy \u015bledz\u0105 trendy, doradzaj\u0105 i inspiruj\u0105 do tworzenia w\u0142asnego stylu.\" \/>\n<meta property=\"og:url\" content=\"https:\/\/parkietydrab.pl\/ro\/nasi-autorzy\/\" \/>\n<meta property=\"og:site_name\" content=\"parkietydrab.pl\" \/>\n<meta property=\"article:modified_time\" content=\"2025-02-24T13:57:40+00:00\" \/>\n<meta name=\"twitter:card\" content=\"summary_large_image\" \/>\n<meta name=\"twitter:label1\" content=\"Timp estimat pentru citire\" \/>\n\t<meta name=\"twitter:data1\" content=\"1 minut\" \/>\n<script type=\"application\/ld+json\" class=\"yoast-schema-graph\">{\"@context\":\"https:\/\/schema.org\",\"@graph\":[{\"@type\":\"WebPage\",\"@id\":\"https:\/\/parkietydrab.pl\/nasi-autorzy\/\",\"url\":\"https:\/\/parkietydrab.pl\/nasi-autorzy\/\",\"name\":\"Nasi autorzy - parkietydrab.pl\",\"isPartOf\":{\"@id\":\"https:\/\/parkietydrab.pl\/#website\"},\"datePublished\":\"2025-02-24T13:57:38+00:00\",\"dateModified\":\"2025-02-24T13:57:40+00:00\",\"description\":\"Poznaj autor\u00f3w bloga \u2013 pasjonat\u00f3w mody, kt\u00f3rzy \u015bledz\u0105 trendy, doradzaj\u0105 i inspiruj\u0105 do tworzenia w\u0142asnego stylu.\",\"breadcrumb\":{\"@id\":\"https:\/\/parkietydrab.pl\/nasi-autorzy\/#breadcrumb\"},\"inLanguage\":\"ro-RO\",\"potentialAction\":[{\"@type\":\"ReadAction\",\"target\":[\"https:\/\/parkietydrab.pl\/nasi-autorzy\/\"]}]},{\"@type\":\"BreadcrumbList\",\"@id\":\"https:\/\/parkietydrab.pl\/nasi-autorzy\/#breadcrumb\",\"itemListElement\":[{\"@type\":\"ListItem\",\"position\":1,\"name\":\"Home\",\"item\":\"https:\/\/parkietydrab.pl\/\"},{\"@type\":\"ListItem\",\"position\":2,\"name\":\"Nasi autorzy\"}]},{\"@type\":\"WebSite\",\"@id\":\"https:\/\/parkietydrab.pl\/#website\",\"url\":\"https:\/\/parkietydrab.pl\/\",\"name\":\"parkietydrab.pl\",\"description\":\"Naszyjniki: elegancja, symbolika i wyj\u0105tkowe historie w ka\u017cdej kulturze.\",\"potentialAction\":[{\"@type\":\"SearchAction\",\"target\":{\"@type\":\"EntryPoint\",\"urlTemplate\":\"https:\/\/parkietydrab.pl\/?s={search_term_string}\"},\"query-input\":\"required name=search_term_string\"}],\"inLanguage\":\"ro-RO\"}]}<\/script>\n<!-- \/ Yoast SEO plugin. -->","yoast_head_json":{"title":"Nasi autorzy - parkietydrab.pl","description":"Poznaj autor\u00f3w bloga \u2013 pasjonat\u00f3w mody, kt\u00f3rzy \u015bledz\u0105 trendy, doradzaj\u0105 i inspiruj\u0105 do tworzenia w\u0142asnego stylu.","robots":{"index":"index","follow":"follow","max-snippet":"max-snippet:-1","max-image-preview":"max-image-preview:large","max-video-preview":"max-video-preview:-1"},"canonical":"https:\/\/parkietydrab.pl\/ro\/nasi-autorzy\/","og_locale":"ro_RO","og_type":"article","og_title":"Nasi autorzy - parkietydrab.pl","og_description":"Poznaj autor\u00f3w bloga \u2013 pasjonat\u00f3w mody, kt\u00f3rzy \u015bledz\u0105 trendy, doradzaj\u0105 i inspiruj\u0105 do tworzenia w\u0142asnego stylu.","og_url":"https:\/\/parkietydrab.pl\/ro\/nasi-autorzy\/","og_site_name":"parkietydrab.pl","article_modified_time":"2025-02-24T13:57:40+00:00","twitter_card":"summary_large_image","twitter_misc":{"Timp estimat pentru citire":"1 minut"},"schema":{"@context":"https:\/\/schema.org","@graph":[{"@type":"WebPage","@id":"https:\/\/parkietydrab.pl\/nasi-autorzy\/","url":"https:\/\/parkietydrab.pl\/nasi-autorzy\/","name":"Nasi autorzy - parkietydrab.pl","isPartOf":{"@id":"https:\/\/parkietydrab.pl\/#website"},"datePublished":"2025-02-24T13:57:38+00:00","dateModified":"2025-02-24T13:57:40+00:00","description":"Poznaj autor\u00f3w bloga \u2013 pasjonat\u00f3w mody, kt\u00f3rzy \u015bledz\u0105 trendy, doradzaj\u0105 i inspiruj\u0105 do tworzenia w\u0142asnego stylu.","breadcrumb":{"@id":"https:\/\/parkietydrab.pl\/nasi-autorzy\/#breadcrumb"},"inLanguage":"ro-RO","potentialAction":[{"@type":"ReadAction","target":["https:\/\/parkietydrab.pl\/nasi-autorzy\/"]}]},{"@type":"BreadcrumbList","@id":"https:\/\/parkietydrab.pl\/nasi-autorzy\/#breadcrumb","itemListElement":[{"@type":"ListItem","position":1,"name":"Home","item":"https:\/\/parkietydrab.pl\/"},{"@type":"ListItem","position":2,"name":"Nasi autorzy"}]},{"@type":"WebSite","@id":"https:\/\/parkietydrab.pl\/#website","url":"https:\/\/parkietydrab.pl\/","name":"parkietydrab.pl","description":"Naszyjniki: elegancja, symbolika i wyj\u0105tkowe historie w ka\u017cdej kulturze.","potentialAction":[{"@type":"SearchAction","target":{"@type":"EntryPoint","urlTemplate":"https:\/\/parkietydrab.pl\/?s={search_term_string}"},"query-input":"required name=search_term_string"}],"inLanguage":"ro-RO"}]}},"yoast_meta":{"yoast_wpseo_title":"","yoast_wpseo_metadesc":"","yoast_wpseo_canonical":"https:\/\/parkietydrab.pl\/ro\/wp-json\/wp\/v2\/pages\/478"},"_links":{"self":[{"href":"https:\/\/parkietydrab.pl\/ro\/wp-json\/wp\/v2\/pages\/478"}],"collection":[{"href":"https:\/\/parkietydrab.pl\/ro\/wp-json\/wp\/v2\/pages"}],"about":[{"href":"https:\/\/parkietydrab.pl\/ro\/wp-json\/wp\/v2\/types\/page"}],"author":[{"embeddable":true,"href":"https:\/\/parkietydrab.pl\/ro\/wp-json\/wp\/v2\/users\/1"}],"replies":[{"embeddable":true,"href":"https:\/\/parkietydrab.pl\/ro\/wp-json\/wp\/v2\/comments?post=478"}],"version-history":[{"count":1,"href":"https:\/\/parkietydrab.pl\/ro\/wp-json\/wp\/v2\/pages\/478\/revisions"}],"predecessor-version":[{"id":479,"href":"https:\/\/parkietydrab.pl\/ro\/wp-json\/wp\/v2\/pages\/478\/revisions\/479"}],"wp:attachment":[{"href":"https:\/\/parkietydrab.pl\/ro\/wp-json\/wp\/v2\/media?parent=478"}],"curies":[{"name":"wp","href":"https:\/\/api.w.org\/{rel}","templated":true}]}}